{"id":1917,"date":"2022-09-09T15:53:14","date_gmt":"2022-09-09T13:53:14","guid":{"rendered":"https:\/\/bufak.uni-goettingen.de\/?page_id=1917"},"modified":"2022-09-09T15:53:14","modified_gmt":"2022-09-09T13:53:14","slug":"barcamp-slot-3","status":"publish","type":"page","link":"https:\/\/bufak.uni-goettingen.de\/index.php\/barcamp-slot-3\/","title":{"rendered":"Barcamp Slot 3"},"content":{"rendered":"\n<p>Sonntag 11:15 &#8211; 13:00 Uhr<\/p>\n\n\n\n<figure class=\"wp-block-table is-style-tw-border-h\"><table class=\"has-fixed-layout\"><thead><tr><th>Titel<\/th><th>Protokoll<\/th><\/tr><\/thead><tbody><tr><td>Queere Veranstaltungen und LGBT* Vertretungen<\/td><td><a href=\"https:\/\/bufak.uni-goettingen.de\/index.php\/2022\/09\/09\/queere-veranstaltungen-und-lgbt-vertretungen\/\" data-type=\"post\" data-id=\"1909\">Queere Veranstaltungen und LGBT* Vertretungen<\/a><\/td><\/tr><tr><td>Evaluationen &#8211; Probleme, R\u00fccklaufquoten und Verbesserungsvorschl\u00e4ge<\/td><td><a href=\"https:\/\/bufak.uni-goettingen.de\/index.php\/2022\/09\/09\/evaluationen-probleme-ruecklaufquoten-und-verbesserungsvorschlaege\/\" data-type=\"post\" data-id=\"1921\">Evaluationen \u2013 Probleme, R\u00fccklaufquoten und Verbesserungsvorschl\u00e4ge<\/a><\/td><\/tr><tr><td>Fachschaften nach Corona wieder ins Leben rufen<\/td><td><a href=\"https:\/\/bufak.uni-goettingen.de\/index.php\/2022\/09\/09\/fachschaften-nach-corona-wieder-ins-leben-rufen\/\" data-type=\"post\" data-id=\"1929\">Fachschaften nach Corona wieder ins Leben rufen<\/a><\/td><\/tr><tr><td>M\u00f6glichkeiten in kleinen Fachschaften<\/td><td><a href=\"https:\/\/bufak.uni-goettingen.de\/index.php\/2022\/09\/09\/moeglichkeiten-in-kleinen-fachschaften\/\" data-type=\"post\" data-id=\"1933\">M\u00f6glichkeiten in kleinen Fachschaften<\/a><\/td><\/tr><tr><td>How to BuFaK Workshop &#8211; Follow-up<\/td><td><a href=\"https:\/\/bufak.uni-goettingen.de\/index.php\/2022\/09\/09\/how-to-bufak-workshop-follow-up\/\" data-type=\"post\" data-id=\"1925\">How To BuFaK Workshop \u2013 Follow-up<\/a><\/td><\/tr><\/tbody><\/table><\/figure>\n","protected":false},"excerpt":{"rendered":"<p>Sonntag 11:15 &#8211; 13:00 Uhr Titel Protokoll Queere Veranstaltungen und LGBT* Vertretungen Queere Veranstaltungen und LGBT* Vertretungen Evaluationen &#8211; Probleme, R\u00fccklaufquoten und Verbesserungsvorschl\u00e4ge Evaluationen \u2013 Probleme, R\u00fccklaufquoten und Verbesserungsvorschl\u00e4ge Fachschaften nach Corona wieder ins Leben rufen Fachschaften nach Corona wieder ins Leben rufen M\u00f6glichkeiten in kleinen Fachschaften M\u00f6glichkeiten in kleinen Fachschaften How to BuFaK Workshop&hellip;<\/p>\n","protected":false},"author":1,"featured_media":0,"parent":0,"menu_order":0,"comment_status":"closed","ping_status":"closed","template":"","meta":{"footnotes":""},"class_list":["post-1917","page","type-page","status-publish","hentry"],"_links":{"self":[{"href":"https:\/\/bufak.uni-goettingen.de\/index.php\/wp-json\/wp\/v2\/pages\/1917","targetHints":{"allow":["GET"]}}],"collection":[{"href":"https:\/\/bufak.uni-goettingen.de\/index.php\/wp-json\/wp\/v2\/pages"}],"about":[{"href":"https:\/\/bufak.uni-goettingen.de\/index.php\/wp-json\/wp\/v2\/types\/page"}],"author":[{"embeddable":true,"href":"https:\/\/bufak.uni-goettingen.de\/index.php\/wp-json\/wp\/v2\/users\/1"}],"replies":[{"embeddable":true,"href":"https:\/\/bufak.uni-goettingen.de\/index.php\/wp-json\/wp\/v2\/comments?post=1917"}],"version-history":[{"count":1,"href":"https:\/\/bufak.uni-goettingen.de\/index.php\/wp-json\/wp\/v2\/pages\/1917\/revisions"}],"predecessor-version":[{"id":1939,"href":"https:\/\/bufak.uni-goettingen.de\/index.php\/wp-json\/wp\/v2\/pages\/1917\/revisions\/1939"}],"wp:attachment":[{"href":"https:\/\/bufak.uni-goettingen.de\/index.php\/wp-json\/wp\/v2\/media?parent=1917"}],"curies":[{"name":"wp","href":"https:\/\/api.w.org\/{rel}","templated":true}]}}