{"id":23,"date":"2021-12-17T18:18:52","date_gmt":"2021-12-17T17:18:52","guid":{"rendered":"http:\/\/bufak.uni-goettingen.de\/?page_id=23"},"modified":"2022-10-27T18:51:54","modified_gmt":"2022-10-27T16:51:54","slug":"hotel","status":"publish","type":"page","link":"https:\/\/bufak.uni-goettingen.de\/index.php\/hotel\/","title":{"rendered":"Unterkunft"},"content":{"rendered":"\n<div class=\"wp-block-getwid-images-slider has-arrows-inside has-dots-inside has-images-center alignfull\"><div class=\"wp-block-getwid-images-slider__wrapper\" data-effect=\"slide\" data-slides-show=\"1\" data-slides-show-laptop=\"1\" data-slides-show-tablet=\"1\" data-slides-show-mobile=\"1\" data-slides-scroll=\"1\" data-autoplay=\"true\" data-autoplay-speed=\"10000\" data-infinite=\"true\" data-animation-speed=\"800\" data-center-mode=\"false\" data-variable-width=\"false\" data-arrows=\"inside\" data-dots=\"inside\" data-spacing=\"none\"><div class=\"wp-block-getwid-images-slider__item\"><figure><img loading=\"lazy\" decoding=\"async\" width=\"951\" height=\"630\" src=\"https:\/\/bufak.uni-goettingen.de\/wp-content\/uploads\/2022\/02\/Eingangsbereich02.jpg\" alt=\"\" data-id=\"1281\" data-link=\"https:\/\/bufak.uni-goettingen.de\/index.php\/hotel\/eingangsbereich02\/\" data-original-link=\"https:\/\/bufak.uni-goettingen.de\/wp-content\/uploads\/2022\/02\/Eingangsbereich02.jpg\" class=\"wp-block-getwid-images-slider__image wp-image-1281\" srcset=\"https:\/\/bufak.uni-goettingen.de\/wp-content\/uploads\/2022\/02\/Eingangsbereich02.jpg 951w, https:\/\/bufak.uni-goettingen.de\/wp-content\/uploads\/2022\/02\/Eingangsbereich02-300x199.jpg 300w, https:\/\/bufak.uni-goettingen.de\/wp-content\/uploads\/2022\/02\/Eingangsbereich02-768x509.jpg 768w\" sizes=\"auto, (max-width: 951px) 100vw, 951px\" \/><\/figure><\/div><div class=\"wp-block-getwid-images-slider__item\"><figure><img loading=\"lazy\" decoding=\"async\" width=\"951\" height=\"630\" src=\"https:\/\/bufak.uni-goettingen.de\/wp-content\/uploads\/2022\/02\/Familienzimmer02.jpg\" alt=\"\" data-id=\"1283\" data-link=\"https:\/\/bufak.uni-goettingen.de\/index.php\/hotel\/familienzimmer02\/\" data-original-link=\"https:\/\/bufak.uni-goettingen.de\/wp-content\/uploads\/2022\/02\/Familienzimmer02.jpg\" class=\"wp-block-getwid-images-slider__image wp-image-1283\" srcset=\"https:\/\/bufak.uni-goettingen.de\/wp-content\/uploads\/2022\/02\/Familienzimmer02.jpg 951w, https:\/\/bufak.uni-goettingen.de\/wp-content\/uploads\/2022\/02\/Familienzimmer02-300x199.jpg 300w, https:\/\/bufak.uni-goettingen.de\/wp-content\/uploads\/2022\/02\/Familienzimmer02-768x509.jpg 768w\" sizes=\"auto, (max-width: 951px) 100vw, 951px\" \/><\/figure><\/div><div class=\"wp-block-getwid-images-slider__item\"><figure><img loading=\"lazy\" decoding=\"async\" width=\"951\" height=\"630\" src=\"https:\/\/bufak.uni-goettingen.de\/wp-content\/uploads\/2022\/02\/Eingangsbereich01.jpg\" alt=\"\" data-id=\"1279\" data-link=\"https:\/\/bufak.uni-goettingen.de\/index.php\/hotel\/eingangsbereich01\/\" data-original-link=\"https:\/\/bufak.uni-goettingen.de\/wp-content\/uploads\/2022\/02\/Eingangsbereich01.jpg\" class=\"wp-block-getwid-images-slider__image wp-image-1279\" srcset=\"https:\/\/bufak.uni-goettingen.de\/wp-content\/uploads\/2022\/02\/Eingangsbereich01.jpg 951w, https:\/\/bufak.uni-goettingen.de\/wp-content\/uploads\/2022\/02\/Eingangsbereich01-300x199.jpg 300w, https:\/\/bufak.uni-goettingen.de\/wp-content\/uploads\/2022\/02\/Eingangsbereich01-768x509.jpg 768w\" sizes=\"auto, (max-width: 951px) 100vw, 951px\" \/><\/figure><\/div><div class=\"wp-block-getwid-images-slider__item\"><figure><img loading=\"lazy\" decoding=\"async\" width=\"951\" height=\"630\" src=\"https:\/\/bufak.uni-goettingen.de\/wp-content\/uploads\/2022\/02\/Dreibettzimmer01.jpg\" alt=\"\" data-id=\"1277\" data-link=\"https:\/\/bufak.uni-goettingen.de\/index.php\/hotel\/dreibettzimmer01\/\" data-original-link=\"https:\/\/bufak.uni-goettingen.de\/wp-content\/uploads\/2022\/02\/Dreibettzimmer01.jpg\" class=\"wp-block-getwid-images-slider__image wp-image-1277\" srcset=\"https:\/\/bufak.uni-goettingen.de\/wp-content\/uploads\/2022\/02\/Dreibettzimmer01.jpg 951w, https:\/\/bufak.uni-goettingen.de\/wp-content\/uploads\/2022\/02\/Dreibettzimmer01-300x199.jpg 300w, https:\/\/bufak.uni-goettingen.de\/wp-content\/uploads\/2022\/02\/Dreibettzimmer01-768x509.jpg 768w\" sizes=\"auto, (max-width: 951px) 100vw, 951px\" \/><\/figure><\/div><div class=\"wp-block-getwid-images-slider__item\"><figure><img loading=\"lazy\" decoding=\"async\" width=\"951\" height=\"630\" src=\"https:\/\/bufak.uni-goettingen.de\/wp-content\/uploads\/2022\/02\/Aussenansicht04.jpg\" alt=\"\" data-id=\"1275\" data-link=\"https:\/\/bufak.uni-goettingen.de\/index.php\/hotel\/aussenansicht04\/\" data-original-link=\"https:\/\/bufak.uni-goettingen.de\/wp-content\/uploads\/2022\/02\/Aussenansicht04.jpg\" class=\"wp-block-getwid-images-slider__image wp-image-1275\" srcset=\"https:\/\/bufak.uni-goettingen.de\/wp-content\/uploads\/2022\/02\/Aussenansicht04.jpg 951w, https:\/\/bufak.uni-goettingen.de\/wp-content\/uploads\/2022\/02\/Aussenansicht04-300x199.jpg 300w, https:\/\/bufak.uni-goettingen.de\/wp-content\/uploads\/2022\/02\/Aussenansicht04-768x509.jpg 768w\" sizes=\"auto, (max-width: 951px) 100vw, 951px\" \/><\/figure><\/div><div class=\"wp-block-getwid-images-slider__item\"><figure><img loading=\"lazy\" decoding=\"async\" width=\"951\" height=\"630\" src=\"https:\/\/bufak.uni-goettingen.de\/wp-content\/uploads\/2022\/02\/Aussenansicht02.jpg\" alt=\"\" data-id=\"1271\" data-link=\"https:\/\/bufak.uni-goettingen.de\/index.php\/hotel\/aussenansicht02\/\" data-original-link=\"https:\/\/bufak.uni-goettingen.de\/wp-content\/uploads\/2022\/02\/Aussenansicht02.jpg\" class=\"wp-block-getwid-images-slider__image wp-image-1271\" srcset=\"https:\/\/bufak.uni-goettingen.de\/wp-content\/uploads\/2022\/02\/Aussenansicht02.jpg 951w, https:\/\/bufak.uni-goettingen.de\/wp-content\/uploads\/2022\/02\/Aussenansicht02-300x199.jpg 300w, https:\/\/bufak.uni-goettingen.de\/wp-content\/uploads\/2022\/02\/Aussenansicht02-768x509.jpg 768w\" sizes=\"auto, (max-width: 951px) 100vw, 951px\" \/><\/figure><\/div><div class=\"wp-block-getwid-images-slider__item\"><figure><img loading=\"lazy\" decoding=\"async\" width=\"951\" height=\"630\" src=\"https:\/\/bufak.uni-goettingen.de\/wp-content\/uploads\/2022\/02\/Aussenansicht03.jpg\" alt=\"\" data-id=\"1273\" data-link=\"https:\/\/bufak.uni-goettingen.de\/index.php\/hotel\/aussenansicht03\/\" data-original-link=\"https:\/\/bufak.uni-goettingen.de\/wp-content\/uploads\/2022\/02\/Aussenansicht03.jpg\" class=\"wp-block-getwid-images-slider__image wp-image-1273\" srcset=\"https:\/\/bufak.uni-goettingen.de\/wp-content\/uploads\/2022\/02\/Aussenansicht03.jpg 951w, https:\/\/bufak.uni-goettingen.de\/wp-content\/uploads\/2022\/02\/Aussenansicht03-300x199.jpg 300w, https:\/\/bufak.uni-goettingen.de\/wp-content\/uploads\/2022\/02\/Aussenansicht03-768x509.jpg 768w\" sizes=\"auto, (max-width: 951px) 100vw, 951px\" \/><\/figure><\/div><\/div><\/div>\n\n\n\n<h4 class=\"wp-block-heading\" id=\"wo-ihr-schlaft\">Wo Ihr schlaft:<\/h4>\n\n\n\n<p>Alle Fachschaften \u00fcbernachten im G\u00f6ttinger B&amp;B Hotel. Es verf\u00fcgt \u00fcber moderne Zweibett-, Dreibett- sowie Familienzimmer &#8211; alle Zimmer sind mit einer Dusche und WC ausgestattet.<br>Unsere Innenstadt ist in ca. 5 min. fu\u00dfl\u00e4ufig zu erreichen.<\/p>\n\n\n\n<div class=\"wp-block-group alignfull\"><div class=\"wp-block-group__inner-container is-layout-flow wp-block-group-is-layout-flow\">\n<div class=\"wp-block-columns alignwide are-vertically-aligned-center tw-gutter-large tw-cols-stack-md is-layout-flex wp-container-core-columns-is-layout-9d6595d7 wp-block-columns-is-layout-flex\">\n<div class=\"wp-block-column is-vertically-aligned-center is-layout-flow wp-block-column-is-layout-flow\" style=\"--col-width:33.33%;flex-basis:33.33%\">\n<h4 class=\"wp-block-heading\" id=\"addresse\">Addresse<\/h4>\n\n\n\n<p>Maschm\u00fchlenweg 21<br>37073 G\u00f6ttingen<\/p>\n\n\n\n<h3 class=\"has-medium-font-size wp-block-heading\" id=\"probleme-schreibt-uns\">Probleme? Schreibt uns!<\/h3>\n\n\n\n<p class=\"has-primary-color has-text-color\"><a href=\"&#109;&#x61;i&#108;&#x74;o&#58;&#x62;u&#102;&#x61;k&#45;&#x74;e&#105;&#x6c;n&#101;&#x68;m&#101;&#x6e;d&#101;&#x40;u&#110;&#x69;-&#103;&#x6f;e&#x74;&#x74;i&#x6e;&#x67;&#101;&#x6e;&#x2e;&#100;&#x65;\">&#x62;&#117;f&#x61;&#x6b;&#45;t&#x65;&#x69;&#108;n&#x65;&#104;m&#x65;&#x6e;&#100;e&#x40;&#x75;&#110;i&#x2d;&#103;&#111;&#x65;&#x74;&#116;i&#x6e;&#x67;&#101;n&#x2e;&#100;&#101;<\/a><\/p>\n<\/div>\n\n\n\n<div class=\"wp-block-column is-vertically-aligned-center is-layout-flow wp-block-column-is-layout-flow\" style=\"--col-width:66.66%;flex-basis:66.66%\"><\/div>\n<\/div>\n<\/div><\/div>\n\n\n\n<div style=\"height:30px\" aria-hidden=\"true\" class=\"wp-block-spacer\"><\/div>\n","protected":false},"excerpt":{"rendered":"<p>Wo Ihr schlaft: Alle Fachschaften \u00fcbernachten im G\u00f6ttinger B&amp;B Hotel. Es verf\u00fcgt \u00fcber moderne Zweibett-, Dreibett- sowie Familienzimmer &#8211; alle Zimmer sind mit einer Dusche und WC ausgestattet.Unsere Innenstadt ist in ca. 5 min. fu\u00dfl\u00e4ufig zu erreichen. Addresse Maschm\u00fchlenweg 2137073 G\u00f6ttingen Probleme? Schreibt uns! &#98;&#117;&#x66;&#x61;&#107;&#45;&#x74;&#x65;&#105;&#108;&#x6e;&#x65;&#104;&#109;&#x65;&#x6e;&#100;&#101;&#x40;&#x75;&#110;&#105;&#x2d;&#x67;&#111;&#101;&#x74;&#x74;&#105;&#110;&#x67;&#x65;&#110;&#46;&#x64;&#x65;<\/p>\n","protected":false},"author":1,"featured_media":0,"parent":0,"menu_order":0,"comment_status":"closed","ping_status":"closed","template":"","meta":{"footnotes":""},"class_list":["post-23","page","type-page","status-publish","hentry"],"_links":{"self":[{"href":"https:\/\/bufak.uni-goettingen.de\/index.php\/wp-json\/wp\/v2\/pages\/23","targetHints":{"allow":["GET"]}}],"collection":[{"href":"https:\/\/bufak.uni-goettingen.de\/index.php\/wp-json\/wp\/v2\/pages"}],"about":[{"href":"https:\/\/bufak.uni-goettingen.de\/index.php\/wp-json\/wp\/v2\/types\/page"}],"author":[{"embeddable":true,"href":"https:\/\/bufak.uni-goettingen.de\/index.php\/wp-json\/wp\/v2\/users\/1"}],"replies":[{"embeddable":true,"href":"https:\/\/bufak.uni-goettingen.de\/index.php\/wp-json\/wp\/v2\/comments?post=23"}],"version-history":[{"count":17,"href":"https:\/\/bufak.uni-goettingen.de\/index.php\/wp-json\/wp\/v2\/pages\/23\/revisions"}],"predecessor-version":[{"id":2005,"href":"https:\/\/bufak.uni-goettingen.de\/index.php\/wp-json\/wp\/v2\/pages\/23\/revisions\/2005"}],"wp:attachment":[{"href":"https:\/\/bufak.uni-goettingen.de\/index.php\/wp-json\/wp\/v2\/media?parent=23"}],"curies":[{"name":"wp","href":"https:\/\/api.w.org\/{rel}","templated":true}]}}