{"id":5,"date":"2021-07-09T18:33:46","date_gmt":"2021-07-09T16:33:46","guid":{"rendered":"http:\/\/bufak.uni-goettingen.de\/?page_id=3"},"modified":"2022-01-12T21:30:11","modified_gmt":"2022-01-12T20:30:11","slug":"datenschutzerklaerung","status":"publish","type":"page","link":"https:\/\/bufak.uni-goettingen.de\/index.php\/datenschutzerklaerung\/","title":{"rendered":"Datenschutzerkl\u00e4rung"},"content":{"rendered":"\n<p><br>Mit der folgenden Datenschutzinformation erl\u00e4utern wir,&nbsp;der Fachschaftsrat Wirtschaftswissenschaften der Universit\u00e4t G\u00f6ttingen, vertreten durch&nbsp;Thiemo Reichard, Platz der G\u00f6ttignern Sieben 3, 37073 G\u00f6ttingen, als Verantwortlicher im Sinne der Datenschutz-Grundverordnung (DS-GVO), welche personenbezogenen Daten wir verarbeiten, wenn Sie unsere Internetseite&nbsp;besuchen sowie unsere Online-Dienste nutzen.&nbsp;Wir k\u00f6nnen Ihnen versichern, dass standardm\u00e4\u00dfig s\u00e4mtliche Daten\u00fcbermittlungen im Zusammenhang mit unserer Internetseite \u00fcber eine verschl\u00fcsselte Verbindung erfolgen. Wir behalten uns vor, unsere Datenschutzinformation gelegentlich anzupassen, damit sie stets den aktuellen rechtlichen Anforderungen entspricht oder um \u00c4nderungen unserer Leistungen&nbsp;darzustellen. Wir empfehlen Ihnen&nbsp;daher,&nbsp;die Datenschutzinformation regelm\u00e4\u00dfig zu lesen, um \u00fcber den Schutz der von uns&nbsp;verarbeiteten personenbezogenen&nbsp;Daten auf dem Laufenden zu bleiben.&nbsp;&nbsp;<\/p>\n\n\n\n<p><strong>Protokollierung und Erstellung von Logfiles<\/strong><br>Bei einem Zugriff auf unsere Internetseite werden eine Reihe von technischen Daten protokolliert. Diese allgemeinen Daten und Informationen werden in den Logfiles des Servers gespeichert. Es werden Ihre Ihre Browserkennung und Domain, der Name der abgerufenen Datei, Datum und Uhrzeit des Abrufs, die \u00fcbertragene Datenmenge sowie der erfolgreiche Abruf in einer Protokoll-Datei festgehalten. Die IP-Adresse wird anonymisiert verarbeitet. Die Verarbeitung der personenbezogenen Daten erfolgt zur Bereitstellung der Internetseite sowie zur Fehlerbehebung und Aufkl\u00e4rung von Missbrauchs- oder Betrugshandlungen aufgrund eines berechtigten Interesses gem\u00e4\u00df Art. 6 Abs. 1 S. 1 lit. f DS-GVO. Die L\u00f6schung der Logfiles erfolgt nach sechs Wochen.<br><strong><br>Einsatz von Dienstleistern zur Bereitstellung der Internetseite<\/strong><br>Zur Bereitstellung der Internetseite nehmen wir Dienstleiter in Anspruch, welche personenbezogene Daten im Auftrag des Fachschaftsrates verarbeiten oder durch welche ein Zugriff auf personenbezogene Daten nicht ausgeschlossen werden kann. Mit s\u00e4mtlichen diesen Dienstleistern haben wir Vertr\u00e4ge zur Auftragsverarbeitung nach Art. 28 DS-GVO geschlossen. Hierbei handelt es sich um die Georg-August Universit\u00e4t G\u00f6ttingen.<\/p>\n\n\n\n<p><\/p>\n\n\n\n<p><strong>Anmeldung zu BuFaK<\/strong><br>Zur Anmeldung zur BuFaK werdet ihr auf die Seite der BuFaK WiWi (<a href=\"http:\/\/bufak-wiwi.org\">bufak-wiwi.org<\/a>) weitergeleitet. Wir nutzen das dortige Anmeldetool. N\u00e4here Informationen zum Datenschutz findet ihr in der Datenschutzerkl\u00e4rung der BuFak WiWi (<a href=\"https:\/\/www.bufak-wiwi.org\/privacy-policy\/\">https:\/\/www.bufak-wiwi.org\/privacy-policy\/).<br><br><\/a><strong>Betroffenenrechte und Kontaktm\u00f6glichkeiten<\/strong><br>Betroffene k\u00f6nnen jederzeit Auskunft \u00fcber die sie betreffenden personenbezogenen Daten sowie gegebenenfalls Berichtigung oder L\u00f6schung beziehungsweise Einschr\u00e4nkung der Verarbeitung verlangen oder einer Verarbeitung widersprechen. Au\u00dferdem besteht zu ihren Gunsten ein Recht auf Daten\u00fcbertragbarkeit. Dar\u00fcber hinaus kann, sofern die Datenverarbeitung aufgrund einer Einwilligung durchgef\u00fchrt wird, diese jederzeit f\u00fcr die Zukunft widerrufen werden. Zur Aus\u00fcbung Ihrer Rechte stehen wir Ihnen unter den auf der Startseite hinterlegten Kontaktinformationen gern zur Verf\u00fcgung. Dar\u00fcber hinaus haben Sie gem\u00e4\u00df Art. 77 DS-GVO ein Recht auf Beschwerde bei einer Datenschutzaufsichtsbeh\u00f6rde, wenn vermutet wird, dass die Verarbeitung der personenbezogenen Daten rechtswidrig erfolgt.<\/p>\n","protected":false},"excerpt":{"rendered":"<p>Mit der folgenden Datenschutzinformation erl\u00e4utern wir,&nbsp;der Fachschaftsrat Wirtschaftswissenschaften der Universit\u00e4t G\u00f6ttingen, vertreten durch&nbsp;Thiemo Reichard, Platz der G\u00f6ttignern Sieben 3, 37073 G\u00f6ttingen, als Verantwortlicher im Sinne der Datenschutz-Grundverordnung (DS-GVO), welche personenbezogenen Daten wir verarbeiten, wenn Sie unsere Internetseite&nbsp;besuchen sowie unsere Online-Dienste nutzen.&nbsp;Wir k\u00f6nnen Ihnen versichern, dass standardm\u00e4\u00dfig s\u00e4mtliche Daten\u00fcbermittlungen im Zusammenhang mit unserer Internetseite \u00fcber eine&hellip;<\/p>\n","protected":false},"author":1,"featured_media":0,"parent":0,"menu_order":0,"comment_status":"closed","ping_status":"open","template":"","meta":{"footnotes":""},"class_list":["post-5","page","type-page","status-publish","hentry"],"_links":{"self":[{"href":"https:\/\/bufak.uni-goettingen.de\/index.php\/wp-json\/wp\/v2\/pages\/5","targetHints":{"allow":["GET"]}}],"collection":[{"href":"https:\/\/bufak.uni-goettingen.de\/index.php\/wp-json\/wp\/v2\/pages"}],"about":[{"href":"https:\/\/bufak.uni-goettingen.de\/index.php\/wp-json\/wp\/v2\/types\/page"}],"author":[{"embeddable":true,"href":"https:\/\/bufak.uni-goettingen.de\/index.php\/wp-json\/wp\/v2\/users\/1"}],"replies":[{"embeddable":true,"href":"https:\/\/bufak.uni-goettingen.de\/index.php\/wp-json\/wp\/v2\/comments?post=5"}],"version-history":[{"count":6,"href":"https:\/\/bufak.uni-goettingen.de\/index.php\/wp-json\/wp\/v2\/pages\/5\/revisions"}],"predecessor-version":[{"id":593,"href":"https:\/\/bufak.uni-goettingen.de\/index.php\/wp-json\/wp\/v2\/pages\/5\/revisions\/593"}],"wp:attachment":[{"href":"https:\/\/bufak.uni-goettingen.de\/index.php\/wp-json\/wp\/v2\/media?parent=5"}],"curies":[{"name":"wp","href":"https:\/\/api.w.org\/{rel}","templated":true}]}}